{"id":7609,"date":"2025-11-16T21:51:56","date_gmt":"2025-11-16T21:51:56","guid":{"rendered":"https:\/\/velociashop.com\/?post_type=product&#038;p=7609"},"modified":"2026-02-24T16:45:05","modified_gmt":"2026-02-24T16:45:05","slug":"laina-hayek","status":"publish","type":"product","link":"https:\/\/velociashop.com\/es\/producto\/laina-hayek\/","title":{"rendered":"Puf Decorativo"},"content":{"rendered":"<p data-start=\"3909\" data-end=\"3939\">\u2728 Textura suave y acogedora<\/p>\n<p>\ud83c\udfe1 Perfecto para sal\u00f3n, dormitorio o entrada<\/p>\n<p>\ud83d\udcaa Estructura estable y resistente<\/p>\n<p>\ud83c\udfa8 Se integra con todos los estilos<\/p>\n<p>Con su estilo bohemio y natural, pr\u00e1ctico para sentarse o simplemente decorativo, este taburete hecho a mano combina la t\u00e9cnica aut\u00e9ntica del tejido de lana de oveja en Hayek con el telar.<\/p>","protected":false},"excerpt":{"rendered":"<p data-start=\"3909\" data-end=\"3939\">\u2728 Textura suave y acogedora<\/p>\n<p>\ud83c\udfe1 Perfecto para sal\u00f3n, dormitorio o entrada<\/p>\n<p>\ud83d\udcaa Estructura estable y resistente<\/p>\n<p>\ud83c\udfa8 Se integra con todos los estilosCon su estilo bohemio y natural, pr\u00e1ctico para sentarse o simplemente decorativo, este taburete hecho a mano combina la t\u00e9cnica aut\u00e9ntica del tejido de lana de oveja en Hayek con el telar.<\/p>","protected":false},"featured_media":8167,"comment_status":"closed","ping_status":"closed","template":"","meta":[],"product_brand":[288],"product_cat":[772],"product_tag":[],"class_list":{"0":"post-7609","1":"product","2":"type-product","3":"status-publish","4":"has-post-thumbnail","6":"product_brand-pouffy","7":"product_cat-home-deco","8":"product_shipping_class-decor","10":"first","11":"instock","12":"sale","13":"featured","14":"taxable","15":"shipping-taxable","16":"purchasable","17":"product-type-simple"},"jetpack_sharing_enabled":true,"_links":{"self":[{"href":"https:\/\/velociashop.com\/es\/wp-json\/wp\/v2\/product\/7609","targetHints":{"allow":["GET"]}}],"collection":[{"href":"https:\/\/velociashop.com\/es\/wp-json\/wp\/v2\/product"}],"about":[{"href":"https:\/\/velociashop.com\/es\/wp-json\/wp\/v2\/types\/product"}],"replies":[{"embeddable":true,"href":"https:\/\/velociashop.com\/es\/wp-json\/wp\/v2\/comments?post=7609"}],"wp:featuredmedia":[{"embeddable":true,"href":"https:\/\/velociashop.com\/es\/wp-json\/wp\/v2\/media\/8167"}],"wp:attachment":[{"href":"https:\/\/velociashop.com\/es\/wp-json\/wp\/v2\/media?parent=7609"}],"wp:term":[{"taxonomy":"product_brand","embeddable":true,"href":"https:\/\/velociashop.com\/es\/wp-json\/wp\/v2\/product_brand?post=7609"},{"taxonomy":"product_cat","embeddable":true,"href":"https:\/\/velociashop.com\/es\/wp-json\/wp\/v2\/product_cat?post=7609"},{"taxonomy":"product_tag","embeddable":true,"href":"https:\/\/velociashop.com\/es\/wp-json\/wp\/v2\/product_tag?post=7609"}],"curies":[{"name":"wp","href":"https:\/\/api.w.org\/{rel}","templated":true}]}}