{"id":848,"date":"2018-02-28T07:46:00","date_gmt":"2018-02-28T07:46:00","guid":{"rendered":"http:\/\/sw-themes.com\/porto_dummy\/?page_id=848"},"modified":"2025-11-24T22:37:10","modified_gmt":"2025-11-24T22:37:10","slug":"about-us","status":"publish","type":"page","link":"https:\/\/velociashop.com\/es\/about-us\/","title":{"rendered":"Sobre nosotros"},"content":{"rendered":"<div data-elementor-type=\"wp-post\" data-elementor-id=\"848\" class=\"elementor elementor-848\">\n\t\t\t\t<div class=\"elementor-element elementor-element-17973d9 e-flex e-con-boxed e-con e-parent\" data-id=\"17973d9\" data-element_type=\"container\">\r\n\t\t\t\t\t<div class=\"e-con-inner\">\r\n\t\t\t\t<div class=\"elementor-element elementor-element-9bad54b elementor-widget elementor-widget-text-editor\" data-id=\"9bad54b\" data-element_type=\"widget\" data-widget_type=\"text-editor.default\">\n\t\t\t\t<div class=\"elementor-widget-container\">\n\t\t\t\t\t\t\t\t\t<h2 data-start=\"167\" data-end=\"202\"><strong data-start=\"170\" data-end=\"202\">obre Nosotros \u2013 VelociaShop<\/strong><\/h2><p data-start=\"204\" data-end=\"519\">Bienvenido a <strong data-start=\"217\" data-end=\"232\">VelociaShop<\/strong>, tu tienda online de confianza dedicada a ofrecer productos de calidad exclusivamente para clientes en <strong data-start=\"336\" data-end=\"346\">Espa\u00f1a<\/strong>.<br data-start=\"347\" data-end=\"350\" \/>Nuestra misi\u00f3n es hacer que tus compras online sean m\u00e1s f\u00e1ciles, r\u00e1pidas y seguras, ofreci\u00e9ndote art\u00edculos cuidadosamente seleccionados que aportan valor a tu d\u00eda a d\u00eda.<\/p><p data-start=\"521\" data-end=\"581\">En VelociaShop, trabajamos sobre tres pilares fundamentales:<\/p><h3 data-start=\"583\" data-end=\"616\"><strong data-start=\"587\" data-end=\"614\">1. Calidad y Fiabilidad<\/strong><\/h3><p data-start=\"617\" data-end=\"834\">Cada producto de nuestra tienda ha sido elegido por su calidad, durabilidad y rendimiento. Colaboramos \u00fanicamente con proveedores que cumplen nuestros est\u00e1ndares para garantizar que recibas exactamente lo que esperas.<\/p><h3 data-start=\"836\" data-end=\"883\"><strong data-start=\"840\" data-end=\"881\">2. Una Experiencia de Compra Sencilla<\/strong><\/h3><p data-start=\"884\" data-end=\"1060\">Desde una navegaci\u00f3n intuitiva hasta m\u00e9todos de pago seguros y env\u00edos r\u00e1pidos en toda Espa\u00f1a, queremos que disfrutes de un proceso de compra c\u00f3modo, claro y sin complicaciones.<\/p><h3 data-start=\"1062\" data-end=\"1102\"><strong data-start=\"1066\" data-end=\"1100\">3. Atenci\u00f3n al Cliente Cercana<\/strong><\/h3><p data-start=\"1103\" data-end=\"1299\">Nuestro equipo de soporte est\u00e1 siempre disponible para ayudarte. Ya sea antes, durante o despu\u00e9s de tu compra, estamos aqu\u00ed para responder tus preguntas y ofrecerte asistencia cuando la necesites.<\/p><hr data-start=\"1301\" data-end=\"1304\" \/><h2 data-start=\"1306\" data-end=\"1327\"><strong data-start=\"1309\" data-end=\"1327\">Nuestra Visi\u00f3n<\/strong><\/h2><p data-start=\"1329\" data-end=\"1610\">VelociaShop naci\u00f3 con el objetivo de ofrecer a los clientes en Espa\u00f1a una experiencia de comercio electr\u00f3nico moderna, fiable y accesible.<br data-start=\"1467\" data-end=\"1470\" \/>Seguimos ampliando nuestro cat\u00e1logo con productos que cumplen nuestros est\u00e1ndares, siempre manteniendo la calidad y el servicio que mereces.<\/p><hr data-start=\"1612\" data-end=\"1615\" \/><h2 data-start=\"1617\" data-end=\"1652\"><strong data-start=\"1620\" data-end=\"1652\">\u00bfPor qu\u00e9 elegir VelociaShop?<\/strong><\/h2><ul data-start=\"1654\" data-end=\"1919\"><li data-start=\"1654\" data-end=\"1707\"><p data-start=\"1656\" data-end=\"1707\">Tienda online especializada en el mercado espa\u00f1ol<\/p><\/li><li data-start=\"1708\" data-end=\"1763\"><p data-start=\"1710\" data-end=\"1763\">Productos seleccionados por su calidad y fiabilidad<\/p><\/li><li data-start=\"1764\" data-end=\"1800\"><p data-start=\"1766\" data-end=\"1800\">Env\u00edos r\u00e1pidos y con seguimiento<\/p><\/li><li data-start=\"1801\" data-end=\"1831\"><p data-start=\"1803\" data-end=\"1831\">Pago seguro y transparente<\/p><\/li><li data-start=\"1832\" data-end=\"1878\"><p data-start=\"1834\" data-end=\"1878\">Pol\u00edticas de devoluci\u00f3n claras y sencillas<\/p><\/li><li data-start=\"1879\" data-end=\"1919\"><p data-start=\"1881\" data-end=\"1919\">Atenci\u00f3n al cliente r\u00e1pida y cercana<\/p><\/li><\/ul><hr data-start=\"1921\" data-end=\"1924\" \/><p data-start=\"1926\" data-end=\"2054\">En <strong data-start=\"1929\" data-end=\"1944\">VelociaShop<\/strong>, tu satisfacci\u00f3n es nuestra prioridad.<br data-start=\"1983\" data-end=\"1986\" \/>Gracias por confiar en nosotros y formar parte de nuestra comunidad.<\/p>\t\t\t\t\t\t\t\t<\/div>\n\t\t\t\t<\/div>\n\t\t\t\t\t<\/div>\n\t\t\t\t<\/div>\n\t\t<div class=\"elementor-element elementor-element-0a298c0 e-flex e-con-boxed e-con e-parent\" data-id=\"0a298c0\" data-element_type=\"container\" data-settings=\"{&quot;background_background&quot;:&quot;classic&quot;}\">\r\n\t\t\t\t\t<div class=\"e-con-inner\">\r\n\t\t\t\t<div class=\"elementor-element elementor-element-879eb66 elementor-widget elementor-widget-heading\" data-id=\"879eb66\" data-element_type=\"widget\" data-widget_type=\"heading.default\">\n\t\t\t\t<div class=\"elementor-widget-container\">\n\t\t\t\t\t<h2 class=\"elementor-heading-title elementor-size-default\">Por qu\u00e9 elegirnos ?<\/h2>\t\t\t\t<\/div>\n\t\t\t\t<\/div>\n\t\t<div class=\"elementor-element elementor-element-4c76ace e-con-full e-grid e-con e-child\" data-id=\"4c76ace\" data-element_type=\"container\">\r\n\t\t\t\t<div class=\"elementor-element elementor-element-9fe10a1 bg-white elementor-widget elementor-widget-porto_info_box\" data-id=\"9fe10a1\" data-element_type=\"widget\" data-widget_type=\"porto_info_box.default\">\n\t\t\t\t<div class=\"elementor-widget-container\">\n\t\t\t\t\t<div class=\"porto-sicon-box style_1 top-icon text-left\"><div class=\"porto-sicon-top\"><div class=\"porto-just-icon-wrapper porto-icon none\" style=\"\"><i class=\"porto-icon-shipped\"><\/i><\/div><\/div><div class=\"porto-sicon-header\"><h3 class=\"porto-sicon-title\" style=\"\">Free Shipping<\/h3><\/div> <!-- header --><\/div><!-- porto-sicon-box -->\t\t\t\t<\/div>\n\t\t\t\t<\/div>\n\t\t\t\t<div class=\"elementor-element elementor-element-cf815e8 bg-white elementor-widget elementor-widget-porto_info_box\" data-id=\"cf815e8\" data-element_type=\"widget\" data-widget_type=\"porto_info_box.default\">\n\t\t\t\t<div class=\"elementor-widget-container\">\n\t\t\t\t\t<div class=\"porto-sicon-box style_1 top-icon text-left\"><div class=\"porto-sicon-top\"><div class=\"porto-just-icon-wrapper porto-icon none\" style=\"\"><i class=\"porto-icon-us-dollar\"><\/i><\/div><\/div><div class=\"porto-sicon-header\"><h3 class=\"porto-sicon-title\" style=\"\">100% money back guarantee.<\/h3><\/div> <!-- header --><\/div><!-- porto-sicon-box -->\t\t\t\t<\/div>\n\t\t\t\t<\/div>\n\t\t\t\t<div class=\"elementor-element elementor-element-24112e1 bg-white elementor-widget elementor-widget-porto_info_box\" data-id=\"24112e1\" data-element_type=\"widget\" data-widget_type=\"porto_info_box.default\">\n\t\t\t\t<div class=\"elementor-widget-container\">\n\t\t\t\t\t<div class=\"porto-sicon-box style_1 top-icon text-left\"><div class=\"porto-sicon-top\"><div class=\"porto-just-icon-wrapper porto-icon none\" style=\"\"><i class=\"porto-icon-online-support\"><\/i><\/div><\/div><div class=\"porto-sicon-header\"><h3 class=\"porto-sicon-title\" style=\"\">Online Support 24\/7<\/h3><\/div> <!-- header --><\/div><!-- porto-sicon-box -->\t\t\t\t<\/div>\n\t\t\t\t<\/div>\n\t\t\t\t<\/div>\n\t\t\t\t\t<\/div>\n\t\t\t\t<\/div>\n\t\t<div class=\"elementor-element elementor-element-8808ccf elementor-hidden-desktop elementor-hidden-tablet elementor-hidden-mobile e-flex e-con-boxed e-con e-parent\" data-id=\"8808ccf\" data-element_type=\"container\">\r\n\t\t\t\t\t<div class=\"e-con-inner\">\r\n\t\t\t\t<div class=\"elementor-element elementor-element-0e76fc1 elementor-widget elementor-widget-heading\" data-id=\"0e76fc1\" data-element_type=\"widget\" data-widget_type=\"heading.default\">\n\t\t\t\t<div class=\"elementor-widget-container\">\n\t\t\t\t\t<h2 class=\"elementor-heading-title elementor-size-default\">HAPPY CLIENTS<\/h2>\t\t\t\t<\/div>\n\t\t\t\t<\/div>\n\t\t<div class=\"elementor-element elementor-element-45e3658 e-con-full e-flex e-con e-child\" data-id=\"45e3658\" data-element_type=\"container\">\r\n\t\t<div class=\"elementor-element elementor-element-0a4eaa8 e-con-full e-flex e-con e-child\" data-id=\"0a4eaa8\" data-element_type=\"container\">\r\n\t\t\t\t<div class=\"elementor-element elementor-element-10f79ab elementor-widget elementor-widget-testimonial\" data-id=\"10f79ab\" data-element_type=\"widget\" data-widget_type=\"testimonial.default\">\n\t\t\t\t<div class=\"elementor-widget-container\">\n\t\t\t\t\t\t\t<div class=\"elementor-testimonial-wrapper\">\n\t\t\t\t\t\t\t<div class=\"elementor-testimonial-content\">Click edit button to change this text. Lorem ipsum dolor sit amet, consectetur adipiscing elit. Ut elit tellus, luctus nec ullamcorper mattis, pulvinar dapibus leo.<\/div>\n\t\t\t\n\t\t\t\t\t\t<div class=\"elementor-testimonial-meta elementor-has-image elementor-testimonial-image-position-aside\">\n\t\t\t\t<div class=\"elementor-testimonial-meta-inner\">\n\t\t\t\t\t\t\t\t\t\t\t<div class=\"elementor-testimonial-image\">\n\t\t\t\t\t\t\t<img decoding=\"async\" width=\"100\" height=\"100\" src=\"https:\/\/velociashop.com\/wp-content\/uploads\/2018\/02\/shop2_about_us_person1.jpg\" class=\"attachment-full size-full wp-image-868\" alt=\"\" \/>\t\t\t\t\t\t<\/div>\n\t\t\t\t\t\n\t\t\t\t\t\t\t\t\t\t<div class=\"elementor-testimonial-details\">\n\t\t\t\t\t\t\t\t\t\t\t\t\t\t<div class=\"elementor-testimonial-name\">John Smith<\/div>\n\t\t\t\t\t\t\t\t\t\t\t\t\t\t\t\t\t\t\t\t\t\t<div class=\"elementor-testimonial-job\">SMARTWAVE CEO<\/div>\n\t\t\t\t\t\t\t\t\t\t\t\t\t<\/div>\n\t\t\t\t\t\t\t\t\t<\/div>\n\t\t\t<\/div>\n\t\t\t\t\t<\/div>\n\t\t\t\t\t\t<\/div>\n\t\t\t\t<\/div>\n\t\t\t\t<\/div>\n\t\t<div class=\"elementor-element elementor-element-e71ff3f e-con-full e-flex e-con e-child\" data-id=\"e71ff3f\" data-element_type=\"container\">\r\n\t\t\t\t<div class=\"elementor-element elementor-element-f484720 elementor-widget elementor-widget-testimonial\" data-id=\"f484720\" data-element_type=\"widget\" data-widget_type=\"testimonial.default\">\n\t\t\t\t<div class=\"elementor-widget-container\">\n\t\t\t\t\t\t\t<div class=\"elementor-testimonial-wrapper\">\n\t\t\t\t\t\t\t<div class=\"elementor-testimonial-content\">Click edit button to change this text. Lorem ipsum dolor sit amet, consectetur adipiscing elit. Ut elit tellus, luctus nec ullamcorper mattis, pulvinar dapibus leo.<\/div>\n\t\t\t\n\t\t\t\t\t\t<div class=\"elementor-testimonial-meta elementor-has-image elementor-testimonial-image-position-aside\">\n\t\t\t\t<div class=\"elementor-testimonial-meta-inner\">\n\t\t\t\t\t\t\t\t\t\t\t<div class=\"elementor-testimonial-image\">\n\t\t\t\t\t\t\t<img decoding=\"async\" width=\"100\" height=\"100\" src=\"https:\/\/velociashop.com\/wp-content\/uploads\/2018\/02\/shop2_about_us_person2.jpg\" class=\"attachment-full size-full wp-image-867\" alt=\"\" \/>\t\t\t\t\t\t<\/div>\n\t\t\t\t\t\n\t\t\t\t\t\t\t\t\t\t<div class=\"elementor-testimonial-details\">\n\t\t\t\t\t\t\t\t\t\t\t\t\t\t<div class=\"elementor-testimonial-name\">Bob Smith<\/div>\n\t\t\t\t\t\t\t\t\t\t\t\t\t\t\t\t\t\t\t\t\t\t<div class=\"elementor-testimonial-job\">SMARTWAVE CTO<\/div>\n\t\t\t\t\t\t\t\t\t\t\t\t\t<\/div>\n\t\t\t\t\t\t\t\t\t<\/div>\n\t\t\t<\/div>\n\t\t\t\t\t<\/div>\n\t\t\t\t\t\t<\/div>\n\t\t\t\t<\/div>\n\t\t\t\t<\/div>\n\t\t\t\t<\/div>\n\t\t\t\t\t<\/div>\n\t\t\t\t<\/div>\n\t\t<div class=\"elementor-element elementor-element-42f1f4d e-grid elementor-hidden-desktop elementor-hidden-tablet elementor-hidden-mobile e-con-boxed e-con e-parent\" data-id=\"42f1f4d\" data-element_type=\"container\" data-settings=\"{&quot;background_background&quot;:&quot;classic&quot;}\">\r\n\t\t\t\t\t<div class=\"e-con-inner\">\r\n\t\t\t\t<div class=\"elementor-element elementor-element-77a89db stats-left elementor-widget elementor-widget-porto_stat_counter\" data-id=\"77a89db\" data-element_type=\"widget\" data-widget_type=\"porto_stat_counter.default\">\n\t\t\t\t<div class=\"elementor-widget-container\">\n\t\t\t\t\t<div class=\"stats-block stats-top\"><div class=\"stats-desc\"><div id=\"counter_111237672169d155c07452f\" data-id=\"counter_111237672169d155c07452f\" class=\"stats-number\" style=\" \" data-speed=\"3\" data-counter-value=\"200\" data-separator=\",\" data-decimal=\".\">0<\/div><div class=\"counter_suffix mycust\" style=\" \">+<\/div><div class=\"stats-text\" style=\"\">MILLION CUSTOMERS<\/div><\/div><\/div><script>\r\n\t( function() {\r\n\t\tvar porto_inc_counter_js = function() {\r\n\t\t\t( function( $ ) {\r\n\t\t\t\tif (typeof countUp == \"undefined\") {\r\n\t\t\t\t\tvar c = document.createElement(\"script\");\r\n\t\t\t\t\tc.src = \"https:\/\/velociashop.com\/wp-content\/plugins\/porto-functionality\/shortcodes\/assets\/js\/countup.min.js\";\r\n\t\t\t\t\tif (!$('script[src=\"' + c.src + '\"]').length) {\r\n\t\t\t\t\t\tdocument.getElementsByTagName(\"body\")[0].appendChild(c);\r\n\t\t\t\t\t}\r\n\t\t\t\t\tc = document.createElement(\"script\");\r\n\t\t\t\t\tc.src = \"https:\/\/velociashop.com\/wp-content\/plugins\/porto-functionality\/shortcodes\/assets\/js\/countup-loader.min.js\";\r\n\t\t\t\t\tif (!$('script[src=\"' + c.src + '\"]').length) {\r\n\t\t\t\t\t\tdocument.getElementsByTagName(\"body\")[0].appendChild(c);\r\n\t\t\t\t\t}\r\n\t\t\t\t}\r\n\t\t\t} )( jQuery );\r\n\t\t};\r\n\r\n\t\tif ( window.theme && theme.isLoaded ) {\r\n\t\t\tporto_inc_counter_js();\r\n\t\t} else {\r\n\t\t\twindow.addEventListener( 'load', porto_inc_counter_js );\r\n\t\t}\r\n\t} )();\r\n<\/script>\r\n\t\t\t\t<\/div>\n\t\t\t\t<\/div>\n\t\t\t\t<div class=\"elementor-element elementor-element-98be6ec stats-left elementor-widget elementor-widget-porto_stat_counter\" data-id=\"98be6ec\" data-element_type=\"widget\" data-widget_type=\"porto_stat_counter.default\">\n\t\t\t\t<div class=\"elementor-widget-container\">\n\t\t\t\t\t<div class=\"stats-block stats-top\"><div class=\"stats-desc\"><div id=\"counter_15154196369d155c0746ae\" data-id=\"counter_15154196369d155c0746ae\" class=\"stats-number\" style=\" \" data-speed=\"3\" data-counter-value=\"1800\" data-separator=\"none\" data-decimal=\".\">0<\/div><div class=\"counter_suffix mycust\" style=\" \">+<\/div><div class=\"stats-text\" style=\"\">TEAM MEMBERS<\/div><\/div><\/div>\t\t\t\t<\/div>\n\t\t\t\t<\/div>\n\t\t\t\t<div class=\"elementor-element elementor-element-74affcd stats-left elementor-widget elementor-widget-porto_stat_counter\" data-id=\"74affcd\" data-element_type=\"widget\" data-widget_type=\"porto_stat_counter.default\">\n\t\t\t\t<div class=\"elementor-widget-container\">\n\t\t\t\t\t<div class=\"stats-block stats-top\"><div class=\"stats-desc\"><div id=\"counter_153335477469d155c0747fe\" data-id=\"counter_153335477469d155c0747fe\" class=\"stats-number\" style=\" \" data-speed=\"3\" data-counter-value=\"24\" data-separator=\",\" data-decimal=\".\">0<\/div><div class=\"counter_suffix mycust\" style=\" \">HR<\/div><div class=\"stats-text\" style=\"\">SUPPORT AVAILABLE<\/div><\/div><\/div>\t\t\t\t<\/div>\n\t\t\t\t<\/div>\n\t\t\t\t<div class=\"elementor-element elementor-element-ba009cc stats-left elementor-widget elementor-widget-porto_stat_counter\" data-id=\"ba009cc\" data-element_type=\"widget\" data-widget_type=\"porto_stat_counter.default\">\n\t\t\t\t<div class=\"elementor-widget-container\">\n\t\t\t\t\t<div class=\"stats-block stats-top\"><div class=\"stats-desc\"><div id=\"counter_2861815769d155c074950\" data-id=\"counter_2861815769d155c074950\" class=\"stats-number\" style=\" \" data-speed=\"3\" data-counter-value=\"265\" data-separator=\",\" data-decimal=\".\">0<\/div><div class=\"counter_suffix mycust\" style=\" \">+<\/div><div class=\"stats-text\" style=\"\">CUP OF COFFEE<\/div><\/div><\/div>\t\t\t\t<\/div>\n\t\t\t\t<\/div>\n\t\t\t\t<div class=\"elementor-element elementor-element-ab4181d stats-left elementor-widget elementor-widget-porto_stat_counter\" data-id=\"ab4181d\" data-element_type=\"widget\" data-widget_type=\"porto_stat_counter.default\">\n\t\t\t\t<div class=\"elementor-widget-container\">\n\t\t\t\t\t<div class=\"stats-block stats-top\"><div class=\"stats-desc\"><div id=\"counter_73735105669d155c074a85\" data-id=\"counter_73735105669d155c074a85\" class=\"stats-number\" style=\" \" data-speed=\"3\" data-counter-value=\"99\" data-separator=\",\" data-decimal=\".\">0<\/div><div class=\"counter_suffix mycust\" style=\" \">%<\/div><div class=\"stats-text\" style=\"\">POSITIVE REVIEWS<\/div><\/div><\/div>\t\t\t\t<\/div>\n\t\t\t\t<\/div>\n\t\t\t\t\t<\/div>\n\t\t\t\t<\/div>\n\t\t\t\t<\/div>","protected":false},"excerpt":{"rendered":"<p>obre Nosotros \u2013 VelociaShop Bienvenido a VelociaShop, tu tienda online de confianza dedicada a ofrecer productos de calidad exclusivamente para clientes en Espa\u00f1a.Nuestra misi\u00f3n es hacer que tus compras online sean m\u00e1s f\u00e1ciles, r\u00e1pidas y seguras, ofreci\u00e9ndote art\u00edculos cuidadosamente seleccionados que aportan valor a tu d\u00eda a d\u00eda. En VelociaShop, trabajamos sobre tres pilares fundamentales: [&hellip;]<\/p>","protected":false},"author":1,"featured_media":0,"parent":0,"menu_order":0,"comment_status":"closed","ping_status":"closed","template":"","meta":{"footnotes":""},"class_list":["post-848","page","type-page","status-publish","hentry"],"jetpack_sharing_enabled":true,"_links":{"self":[{"href":"https:\/\/velociashop.com\/es\/wp-json\/wp\/v2\/pages\/848","targetHints":{"allow":["GET"]}}],"collection":[{"href":"https:\/\/velociashop.com\/es\/wp-json\/wp\/v2\/pages"}],"about":[{"href":"https:\/\/velociashop.com\/es\/wp-json\/wp\/v2\/types\/page"}],"author":[{"embeddable":true,"href":"https:\/\/velociashop.com\/es\/wp-json\/wp\/v2\/users\/1"}],"replies":[{"embeddable":true,"href":"https:\/\/velociashop.com\/es\/wp-json\/wp\/v2\/comments?post=848"}],"version-history":[{"count":3,"href":"https:\/\/velociashop.com\/es\/wp-json\/wp\/v2\/pages\/848\/revisions"}],"predecessor-version":[{"id":8053,"href":"https:\/\/velociashop.com\/es\/wp-json\/wp\/v2\/pages\/848\/revisions\/8053"}],"wp:attachment":[{"href":"https:\/\/velociashop.com\/es\/wp-json\/wp\/v2\/media?parent=848"}],"curies":[{"name":"wp","href":"https:\/\/api.w.org\/{rel}","templated":true}]}}