{"id":5717,"date":"2025-05-29T20:26:20","date_gmt":"2025-05-29T20:26:20","guid":{"rendered":"https:\/\/velociashop.com\/?page_id=5717"},"modified":"2025-05-29T20:26:21","modified_gmt":"2025-05-29T20:26:21","slug":"terminos-y-condiciones","status":"publish","type":"page","link":"https:\/\/velociashop.com\/es\/terminos-y-condiciones\/","title":{"rendered":"T\u00e9rminos y Condiciones"},"content":{"rendered":"<p><\/p><p><br><strong>Fecha de entrada en vigor: 25\/05\/2025<\/strong><\/p><p>\u00a1Bienvenido a VelociaShop! Al utilizar nuestro sitio web, aceptas estos T\u00e9rminos y Condiciones.<\/p><p><strong>1. Pedidos y Pagos<\/strong><br>\u25aa\ufe0f Todos los precios est\u00e1n en EUR e incluyen IVA, cuando sea aplicable.<br>\u25aa\ufe0f Los pedidos est\u00e1n sujetos a disponibilidad y aceptaci\u00f3n.<br>\u25aa\ufe0f M\u00e9todos de pago: Tarjeta de Cr\u00e9dito\/D\u00e9bito.<\/p><p><strong>2. Env\u00edos y Entregas<\/strong><br>\u25aa\ufe0f Realizamos env\u00edos en toda Espa\u00f1a. Los plazos de entrega y los cargos var\u00edan seg\u00fan la ubicaci\u00f3n.<br>\u25aa\ufe0f Los retrasos por cuestiones de aduanas o log\u00edstica est\u00e1n fuera de nuestro control.<\/p><p><strong>3. Devoluciones y Reembolsos<\/strong><br>\u25aa\ufe0f Aceptamos devoluciones dentro de los 14 d\u00edas posteriores a la recepci\u00f3n (consulta la Pol\u00edtica de Devoluciones).<br>\u25aa\ufe0f Los reembolsos se procesan al m\u00e9todo de pago original dentro de los 14 d\u00edas.<\/p><p><strong>4. Propiedad Intelectual<\/strong><br>\u25aa\ufe0f Todo el contenido en VelociaShop es propiedad nuestra o tiene licencia. No puedes reproducirlo ni utilizarlo sin permiso.<\/p><p><strong>5. Limitaci\u00f3n de Responsabilidad<\/strong><br>\u25aa\ufe0f VelociaShop no se hace responsable de da\u00f1os indirectos, incidentales o consecuentes.<\/p><p><strong>6. Legislaci\u00f3n Aplicable<\/strong><br>\u25aa\ufe0f Estos t\u00e9rminos se rigen por las leyes de Espa\u00f1a.<\/p>","protected":false},"excerpt":{"rendered":"<p>Fecha de entrada en vigor: 25\/05\/2025 \u00a1Bienvenido a VelociaShop! Al utilizar nuestro sitio web, aceptas estos T\u00e9rminos y Condiciones. 1. Pedidos y Pagos\u25aa\ufe0f Todos los precios est\u00e1n en EUR e incluyen IVA, cuando sea aplicable.\u25aa\ufe0f Los pedidos est\u00e1n sujetos a disponibilidad y aceptaci\u00f3n.\u25aa\ufe0f M\u00e9todos de pago: Tarjeta de Cr\u00e9dito\/D\u00e9bito. 2. Env\u00edos y Entregas\u25aa\ufe0f Realizamos env\u00edos [&hellip;]<\/p>","protected":false},"author":1,"featured_media":0,"parent":0,"menu_order":0,"comment_status":"closed","ping_status":"closed","template":"","meta":{"footnotes":""},"class_list":["post-5717","page","type-page","status-publish","hentry"],"jetpack_sharing_enabled":true,"_links":{"self":[{"href":"https:\/\/velociashop.com\/es\/wp-json\/wp\/v2\/pages\/5717","targetHints":{"allow":["GET"]}}],"collection":[{"href":"https:\/\/velociashop.com\/es\/wp-json\/wp\/v2\/pages"}],"about":[{"href":"https:\/\/velociashop.com\/es\/wp-json\/wp\/v2\/types\/page"}],"author":[{"embeddable":true,"href":"https:\/\/velociashop.com\/es\/wp-json\/wp\/v2\/users\/1"}],"replies":[{"embeddable":true,"href":"https:\/\/velociashop.com\/es\/wp-json\/wp\/v2\/comments?post=5717"}],"version-history":[{"count":2,"href":"https:\/\/velociashop.com\/es\/wp-json\/wp\/v2\/pages\/5717\/revisions"}],"predecessor-version":[{"id":5719,"href":"https:\/\/velociashop.com\/es\/wp-json\/wp\/v2\/pages\/5717\/revisions\/5719"}],"wp:attachment":[{"href":"https:\/\/velociashop.com\/es\/wp-json\/wp\/v2\/media?parent=5717"}],"curies":[{"name":"wp","href":"https:\/\/api.w.org\/{rel}","templated":true}]}}